{"id":32530,"date":"2024-09-09T13:42:13","date_gmt":"2024-09-09T11:42:13","guid":{"rendered":"http:\/\/pruebas.turismomaestrazgo.org\/les-aventures-de-fidela-et-avelino-de-tronchon\/"},"modified":"2024-11-04T10:18:51","modified_gmt":"2024-11-04T09:18:51","slug":"les-aventures-de-fidela-et-avelino-de-tronchon","status":"publish","type":"page","link":"http:\/\/pruebas.turismomaestrazgo.org\/fr\/les-aventures-de-fidela-et-avelino-de-tronchon\/","title":{"rendered":"Les aventures de Fidela et Avelino &#8211; De Tronch\u00f3n"},"content":{"rendered":"\t\t<div data-elementor-type=\"wp-page\" data-elementor-id=\"32530\" class=\"elementor elementor-32530 elementor-30714\" data-elementor-post-type=\"page\">\n\t\t\t\t\t\t<section data-particle_enable=\"false\" data-particle-mobile-disabled=\"false\" class=\"elementor-section elementor-top-section elementor-element elementor-element-8432905 elementor-section-boxed elementor-section-height-default elementor-section-height-default\" data-id=\"8432905\" data-element_type=\"section\" data-e-type=\"section\">\n\t\t\t\t\t\t<div class=\"elementor-container elementor-column-gap-default\">\n\t\t\t\t\t<div class=\"elementor-column elementor-col-100 elementor-top-column elementor-element elementor-element-664ca43\" data-id=\"664ca43\" data-element_type=\"column\" data-e-type=\"column\">\n\t\t\t<div class=\"elementor-widget-wrap elementor-element-populated\">\n\t\t\t\t\t\t<div class=\"elementor-element elementor-element-4923d55 elementor-widget elementor-widget-spacer\" data-id=\"4923d55\" data-element_type=\"widget\" data-e-type=\"widget\" data-widget_type=\"spacer.default\">\n\t\t\t\t<div class=\"elementor-widget-container\">\n\t\t\t\t\t\t\t<div class=\"elementor-spacer\">\n\t\t\t<div class=\"elementor-spacer-inner\"><\/div>\n\t\t<\/div>\n\t\t\t\t\t\t<\/div>\n\t\t\t\t<\/div>\n\t\t\t\t<div data-dce-text-color=\"#E4A732\" class=\"elementor-element elementor-element-9067137 elementor-icon-list--layout-traditional elementor-list-item-link-full_width elementor-widget elementor-widget-icon-list\" data-id=\"9067137\" data-element_type=\"widget\" data-e-type=\"widget\" data-widget_type=\"icon-list.default\">\n\t\t\t\t<div class=\"elementor-widget-container\">\n\t\t\t\t\t\t\t<ul class=\"elementor-icon-list-items\">\n\t\t\t\t\t\t\t<li class=\"elementor-icon-list-item\">\n\t\t\t\t\t\t\t\t\t\t\t<a href=\"\/de-tronchon\/\">\n\n\t\t\t\t\t\t\t\t\t\t\t\t<span class=\"elementor-icon-list-icon\">\n\t\t\t\t\t\t\t<i aria-hidden=\"true\" class=\"fas fa-angle-left\"><\/i>\t\t\t\t\t\t<\/span>\n\t\t\t\t\t\t\t\t\t\t<span class=\"elementor-icon-list-text\">  De Tronch\u00f3n<\/span>\n\t\t\t\t\t\t\t\t\t\t\t<\/a>\n\t\t\t\t\t\t\t\t\t<\/li>\n\t\t\t\t\t\t<\/ul>\n\t\t\t\t\t\t<\/div>\n\t\t\t\t<\/div>\n\t\t\t\t\t<\/div>\n\t\t<\/div>\n\t\t\t\t\t<\/div>\n\t\t<\/section>\n\t\t\t\t<section data-particle_enable=\"false\" data-particle-mobile-disabled=\"false\" class=\"elementor-section elementor-top-section elementor-element elementor-element-0190464 elementor-section-boxed elementor-section-height-default elementor-section-height-default\" data-id=\"0190464\" data-element_type=\"section\" data-e-type=\"section\">\n\t\t\t\t\t\t<div class=\"elementor-container elementor-column-gap-default\">\n\t\t\t\t\t<div class=\"elementor-column elementor-col-50 elementor-top-column elementor-element elementor-element-47373fa\" data-id=\"47373fa\" data-element_type=\"column\" data-e-type=\"column\">\n\t\t\t<div class=\"elementor-widget-wrap elementor-element-populated\">\n\t\t\t\t\t\t<div class=\"elementor-element elementor-element-01b7c28 elementor-widget elementor-widget-heading\" data-id=\"01b7c28\" data-element_type=\"widget\" data-e-type=\"widget\" data-widget_type=\"heading.default\">\n\t\t\t\t<div class=\"elementor-widget-container\">\n\t\t\t\t\t<h2 class=\"elementor-heading-title elementor-size-default\">Les aventures de Fidela et Avelino<\/h2>\t\t\t\t<\/div>\n\t\t\t\t<\/div>\n\t\t\t\t<div class=\"elementor-element elementor-element-5039cc2 elementor-widget elementor-widget-text-editor\" data-id=\"5039cc2\" data-element_type=\"widget\" data-e-type=\"widget\" data-widget_type=\"text-editor.default\">\n\t\t\t\t<div class=\"elementor-widget-container\">\n\t\t\t\t\t\t\t\t\t<p>Une autre fa\u00e7on d&#8217;explorer les rues de Tronchon est de suivre les jeux de Fidela et Avelino. C&#8217;est d\u00e9j\u00e0 l&#8217;\u00e9t\u00e9 et ils adorent faire des allers-retours dans les rues. Pour quelques mois, les journ\u00e9es d&#8217;\u00e9cole, les neiges de l&#8217;hiver et les longues apr\u00e8s-midi \u00e0 la maison au coin du feu sont loin. Cet apr\u00e8s-midi, ils se sont donn\u00e9 rendez-vous pour jouer : vous joindrez-vous \u00e0 eux ? Si vous \u00eates pr\u00eat pour ce jeu d&#8217;indices, t\u00e9l\u00e9chargez le d\u00e9pliant et pr\u00e9parez-vous \u00e0 parcourir les rues de Tronchon avec Fidela et Avelino qui, sans aucun doute, sont les meilleurs h\u00f4tes de TRONCH\u00d3N.    <\/p>\n\t\t\t\t\t\t\t\t<\/div>\n\t\t\t\t<\/div>\n\t\t\t\t<div class=\"elementor-element elementor-element-9d37d0b elementor-widget elementor-widget-button\" data-id=\"9d37d0b\" data-element_type=\"widget\" data-e-type=\"widget\" data-widget_type=\"button.default\">\n\t\t\t\t<div class=\"elementor-widget-container\">\n\t\t\t\t\t\t\t\t\t<div class=\"elementor-button-wrapper\">\n\t\t\t\t\t<a class=\"elementor-button elementor-button-link elementor-size-sm\" href=\"#\">\n\t\t\t\t\t\t<span class=\"elementor-button-content-wrapper\">\n\t\t\t\t\t\t\t\t\t<span class=\"elementor-button-text\">T\u00e9l\u00e9charger le jeu de piste<\/span>\n\t\t\t\t\t<\/span>\n\t\t\t\t\t<\/a>\n\t\t\t\t<\/div>\n\t\t\t\t\t\t\t\t<\/div>\n\t\t\t\t<\/div>\n\t\t\t\t\t<\/div>\n\t\t<\/div>\n\t\t\t\t<div class=\"elementor-column elementor-col-50 elementor-top-column elementor-element elementor-element-9665098\" data-id=\"9665098\" data-element_type=\"column\" data-e-type=\"column\">\n\t\t\t<div class=\"elementor-widget-wrap elementor-element-populated\">\n\t\t\t\t\t\t<div class=\"elementor-element elementor-element-fa30907 dce_masking-none elementor-widget elementor-widget-image\" data-id=\"fa30907\" data-element_type=\"widget\" data-e-type=\"widget\" data-widget_type=\"image.default\">\n\t\t\t\t<div class=\"elementor-widget-container\">\n\t\t\t\t\t\t\t\t\t\t\t\t\t\t\t<img fetchpriority=\"high\" decoding=\"async\" width=\"800\" height=\"533\" src=\"http:\/\/pruebas.turismomaestrazgo.org\/wp-content\/uploads\/2024\/10\/Tronchon-baja-55-1024x682.jpg\" class=\"attachment-large size-large wp-image-31022\" alt=\"\" srcset=\"http:\/\/pruebas.turismomaestrazgo.org\/wp-content\/uploads\/2024\/10\/Tronchon-baja-55-1024x682.jpg 1024w, http:\/\/pruebas.turismomaestrazgo.org\/wp-content\/uploads\/2024\/10\/Tronchon-baja-55-300x200.jpg 300w, http:\/\/pruebas.turismomaestrazgo.org\/wp-content\/uploads\/2024\/10\/Tronchon-baja-55-768x512.jpg 768w, http:\/\/pruebas.turismomaestrazgo.org\/wp-content\/uploads\/2024\/10\/Tronchon-baja-55-1536x1024.jpg 1536w, http:\/\/pruebas.turismomaestrazgo.org\/wp-content\/uploads\/2024\/10\/Tronchon-baja-55.jpg 2000w\" sizes=\"(max-width: 800px) 100vw, 800px\" \/>\t\t\t\t\t\t\t\t\t\t\t\t\t\t\t<\/div>\n\t\t\t\t<\/div>\n\t\t\t\t\t<\/div>\n\t\t<\/div>\n\t\t\t\t\t<\/div>\n\t\t<\/section>\n\t\t\t\t<section data-particle_enable=\"false\" data-particle-mobile-disabled=\"false\" class=\"elementor-section elementor-top-section elementor-element elementor-element-5f2f15c elementor-section-boxed elementor-section-height-default elementor-section-height-default\" data-id=\"5f2f15c\" data-element_type=\"section\" data-e-type=\"section\">\n\t\t\t\t\t\t<div class=\"elementor-container elementor-column-gap-default\">\n\t\t\t\t\t<div class=\"elementor-column elementor-col-100 elementor-top-column elementor-element elementor-element-b0db1f3\" data-id=\"b0db1f3\" data-element_type=\"column\" data-e-type=\"column\">\n\t\t\t<div class=\"elementor-widget-wrap elementor-element-populated\">\n\t\t\t\t\t\t<div class=\"elementor-element elementor-element-803400d elementor-widget elementor-widget-spacer\" data-id=\"803400d\" data-element_type=\"widget\" data-e-type=\"widget\" data-widget_type=\"spacer.default\">\n\t\t\t\t<div class=\"elementor-widget-container\">\n\t\t\t\t\t\t\t<div class=\"elementor-spacer\">\n\t\t\t<div class=\"elementor-spacer-inner\"><\/div>\n\t\t<\/div>\n\t\t\t\t\t\t<\/div>\n\t\t\t\t<\/div>\n\t\t\t\t\t<\/div>\n\t\t<\/div>\n\t\t\t\t\t<\/div>\n\t\t<\/section>\n\t\t\t\t<\/div>\n\t\t","protected":false},"excerpt":{"rendered":"<p>De Tronch\u00f3n Les aventures de Fidela et Avelino Une autre fa\u00e7on d&#8217;explorer les rues de Tronchon est de suivre les jeux de Fidela et Avelino. C&#8217;est d\u00e9j\u00e0 l&#8217;\u00e9t\u00e9 et ils [&hellip;]<\/p>\n","protected":false},"author":2,"featured_media":0,"parent":0,"menu_order":0,"comment_status":"closed","ping_status":"closed","template":"","meta":{"_acf_changed":false,"_EventAllDay":false,"_EventTimezone":"","_EventStartDate":"","_EventEndDate":"","_EventStartDateUTC":"","_EventEndDateUTC":"","_EventShowMap":false,"_EventShowMapLink":false,"_EventURL":"","_EventCost":"","_EventCostDescription":"","_EventCurrencySymbol":"","_EventCurrencyCode":"","_EventCurrencyPosition":"","_EventDateTimeSeparator":"","_EventTimeRangeSeparator":"","_EventOrganizerID":[],"_EventVenueID":[],"_OrganizerEmail":"","_OrganizerPhone":"","_OrganizerWebsite":"","_VenueAddress":"","_VenueCity":"","_VenueCountry":"","_VenueProvince":"","_VenueState":"","_VenueZip":"","_VenuePhone":"","_VenueURL":"","_VenueStateProvince":"","_VenueLat":"","_VenueLng":"","_VenueShowMap":false,"_VenueShowMapLink":false,"footnotes":""},"class_list":["post-32530","page","type-page","status-publish","hentry"],"acf":[],"_links":{"self":[{"href":"http:\/\/pruebas.turismomaestrazgo.org\/fr\/wp-json\/wp\/v2\/pages\/32530","targetHints":{"allow":["GET"]}}],"collection":[{"href":"http:\/\/pruebas.turismomaestrazgo.org\/fr\/wp-json\/wp\/v2\/pages"}],"about":[{"href":"http:\/\/pruebas.turismomaestrazgo.org\/fr\/wp-json\/wp\/v2\/types\/page"}],"author":[{"embeddable":true,"href":"http:\/\/pruebas.turismomaestrazgo.org\/fr\/wp-json\/wp\/v2\/users\/2"}],"replies":[{"embeddable":true,"href":"http:\/\/pruebas.turismomaestrazgo.org\/fr\/wp-json\/wp\/v2\/comments?post=32530"}],"version-history":[{"count":0,"href":"http:\/\/pruebas.turismomaestrazgo.org\/fr\/wp-json\/wp\/v2\/pages\/32530\/revisions"}],"wp:attachment":[{"href":"http:\/\/pruebas.turismomaestrazgo.org\/fr\/wp-json\/wp\/v2\/media?parent=32530"}],"curies":[{"name":"wp","href":"https:\/\/api.w.org\/{rel}","templated":true}]}}