{"id":32649,"date":"2024-09-09T13:02:29","date_gmt":"2024-09-09T11:02:29","guid":{"rendered":"http:\/\/pruebas.turismomaestrazgo.org\/promenade-des-sculptures-de-tronchon\/"},"modified":"2024-11-04T10:33:14","modified_gmt":"2024-11-04T09:33:14","slug":"promenade-des-sculptures-de-tronchon","status":"publish","type":"page","link":"http:\/\/pruebas.turismomaestrazgo.org\/fr\/promenade-des-sculptures-de-tronchon\/","title":{"rendered":"Promenade des sculptures &#8211; De Tronch\u00f3n"},"content":{"rendered":"\t\t<div data-elementor-type=\"wp-page\" data-elementor-id=\"32649\" class=\"elementor elementor-32649 elementor-30711\" data-elementor-post-type=\"page\">\n\t\t\t\t\t\t<section data-particle_enable=\"false\" data-particle-mobile-disabled=\"false\" class=\"elementor-section elementor-top-section elementor-element elementor-element-b68e153 elementor-section-boxed elementor-section-height-default elementor-section-height-default\" data-id=\"b68e153\" data-element_type=\"section\" data-e-type=\"section\">\n\t\t\t\t\t\t<div class=\"elementor-container elementor-column-gap-default\">\n\t\t\t\t\t<div class=\"elementor-column elementor-col-100 elementor-top-column elementor-element elementor-element-c4b6e1c\" data-id=\"c4b6e1c\" data-element_type=\"column\" data-e-type=\"column\">\n\t\t\t<div class=\"elementor-widget-wrap elementor-element-populated\">\n\t\t\t\t\t\t<div class=\"elementor-element elementor-element-ad4c0bb elementor-widget elementor-widget-spacer\" data-id=\"ad4c0bb\" data-element_type=\"widget\" data-e-type=\"widget\" data-widget_type=\"spacer.default\">\n\t\t\t\t<div class=\"elementor-widget-container\">\n\t\t\t\t\t\t\t<div class=\"elementor-spacer\">\n\t\t\t<div class=\"elementor-spacer-inner\"><\/div>\n\t\t<\/div>\n\t\t\t\t\t\t<\/div>\n\t\t\t\t<\/div>\n\t\t\t\t<div data-dce-text-color=\"#E4A732\" class=\"elementor-element elementor-element-2d62ee8 elementor-icon-list--layout-traditional elementor-list-item-link-full_width elementor-widget elementor-widget-icon-list\" data-id=\"2d62ee8\" data-element_type=\"widget\" data-e-type=\"widget\" data-widget_type=\"icon-list.default\">\n\t\t\t\t<div class=\"elementor-widget-container\">\n\t\t\t\t\t\t\t<ul class=\"elementor-icon-list-items\">\n\t\t\t\t\t\t\t<li class=\"elementor-icon-list-item\">\n\t\t\t\t\t\t\t\t\t\t\t<a href=\"http:\/\/pruebas.turismomaestrazgo.org\/fr\/de-tronchon\/\">\n\n\t\t\t\t\t\t\t\t\t\t\t\t<span class=\"elementor-icon-list-icon\">\n\t\t\t\t\t\t\t<i aria-hidden=\"true\" class=\"fas fa-angle-left\"><\/i>\t\t\t\t\t\t<\/span>\n\t\t\t\t\t\t\t\t\t\t<span class=\"elementor-icon-list-text\">  De Tronch\u00f3n<\/span>\n\t\t\t\t\t\t\t\t\t\t\t<\/a>\n\t\t\t\t\t\t\t\t\t<\/li>\n\t\t\t\t\t\t<\/ul>\n\t\t\t\t\t\t<\/div>\n\t\t\t\t<\/div>\n\t\t\t\t\t<\/div>\n\t\t<\/div>\n\t\t\t\t\t<\/div>\n\t\t<\/section>\n\t\t\t\t<section data-particle_enable=\"false\" data-particle-mobile-disabled=\"false\" class=\"elementor-section elementor-top-section elementor-element elementor-element-5e0ea9e elementor-section-boxed elementor-section-height-default elementor-section-height-default\" data-id=\"5e0ea9e\" data-element_type=\"section\" data-e-type=\"section\">\n\t\t\t\t\t\t<div class=\"elementor-container elementor-column-gap-default\">\n\t\t\t\t\t<div class=\"elementor-column elementor-col-50 elementor-top-column elementor-element elementor-element-19039f4\" data-id=\"19039f4\" data-element_type=\"column\" data-e-type=\"column\">\n\t\t\t<div class=\"elementor-widget-wrap elementor-element-populated\">\n\t\t\t\t\t\t<div class=\"elementor-element elementor-element-7fa0fa7 elementor-widget elementor-widget-heading\" data-id=\"7fa0fa7\" data-element_type=\"widget\" data-e-type=\"widget\" data-widget_type=\"heading.default\">\n\t\t\t\t<div class=\"elementor-widget-container\">\n\t\t\t\t\t<h2 class=\"elementor-heading-title elementor-size-default\">Promenade de la sculpture<\/h2>\t\t\t\t<\/div>\n\t\t\t\t<\/div>\n\t\t\t\t<div class=\"elementor-element elementor-element-897effd elementor-widget elementor-widget-text-editor\" data-id=\"897effd\" data-element_type=\"widget\" data-e-type=\"widget\" data-widget_type=\"text-editor.default\">\n\t\t\t\t<div class=\"elementor-widget-container\">\n\t\t\t\t\t\t\t\t\tPlusieurs coins de Tronchon ont pris vie. Visitez-les pour voir les sculptures repr\u00e9sentant des sc\u00e8nes du pass\u00e9. Sur la place de la mairie, vous serez accueilli par Avelino, le dernier gendarme du village. De l\u00e0, vous pourrez voir une petite fille entrer dans les anciennes \u00e9coles ou observer l&#8217;un des potiers traditionnels sortir des pi\u00e8ces de poterie du four. En dehors de ses rues et sur le parcours des Chemins de la Horca, vous pourrez vous promener jusqu&#8217;au lavoir de Zafarech o\u00f9 une femme fait la lessive et, un peu plus loin, vous pourrez remonter au XVIIIe si\u00e8cle jusqu&#8217;\u00e0 l&#8217;ancienne potence o\u00f9 un condamn\u00e9 attend son ex\u00e9cution, dans un endroit d&#8217;o\u00f9 vous pourrez jouir d&#8217;une vue splendide.   \n\n\t\t\t\t\t\t\t\t<\/div>\n\t\t\t\t<\/div>\n\t\t\t\t\t<\/div>\n\t\t<\/div>\n\t\t\t\t<div class=\"elementor-column elementor-col-50 elementor-top-column elementor-element elementor-element-76809f0\" data-id=\"76809f0\" data-element_type=\"column\" data-e-type=\"column\">\n\t\t\t<div class=\"elementor-widget-wrap elementor-element-populated\">\n\t\t\t\t\t\t<div class=\"elementor-element elementor-element-07b40bf dce_masking-none elementor-widget elementor-widget-image\" data-id=\"07b40bf\" data-element_type=\"widget\" data-e-type=\"widget\" data-widget_type=\"image.default\">\n\t\t\t\t<div class=\"elementor-widget-container\">\n\t\t\t\t\t\t\t\t\t\t\t\t\t\t\t<img fetchpriority=\"high\" decoding=\"async\" width=\"800\" height=\"533\" src=\"http:\/\/pruebas.turismomaestrazgo.org\/wp-content\/uploads\/2024\/10\/Tronchon-baja-55-1024x682.jpg\" class=\"attachment-large size-large wp-image-31022\" alt=\"\" srcset=\"http:\/\/pruebas.turismomaestrazgo.org\/wp-content\/uploads\/2024\/10\/Tronchon-baja-55-1024x682.jpg 1024w, http:\/\/pruebas.turismomaestrazgo.org\/wp-content\/uploads\/2024\/10\/Tronchon-baja-55-300x200.jpg 300w, http:\/\/pruebas.turismomaestrazgo.org\/wp-content\/uploads\/2024\/10\/Tronchon-baja-55-768x512.jpg 768w, http:\/\/pruebas.turismomaestrazgo.org\/wp-content\/uploads\/2024\/10\/Tronchon-baja-55-1536x1024.jpg 1536w, http:\/\/pruebas.turismomaestrazgo.org\/wp-content\/uploads\/2024\/10\/Tronchon-baja-55.jpg 2000w\" sizes=\"(max-width: 800px) 100vw, 800px\" \/>\t\t\t\t\t\t\t\t\t\t\t\t\t\t\t<\/div>\n\t\t\t\t<\/div>\n\t\t\t\t\t<\/div>\n\t\t<\/div>\n\t\t\t\t\t<\/div>\n\t\t<\/section>\n\t\t\t\t<section data-particle_enable=\"false\" data-particle-mobile-disabled=\"false\" class=\"elementor-section elementor-top-section elementor-element elementor-element-c9e741e elementor-section-boxed elementor-section-height-default elementor-section-height-default\" data-id=\"c9e741e\" data-element_type=\"section\" data-e-type=\"section\">\n\t\t\t\t\t\t<div class=\"elementor-container elementor-column-gap-default\">\n\t\t\t\t\t<div class=\"elementor-column elementor-col-100 elementor-top-column elementor-element elementor-element-e42579d\" data-id=\"e42579d\" data-element_type=\"column\" data-e-type=\"column\">\n\t\t\t<div class=\"elementor-widget-wrap elementor-element-populated\">\n\t\t\t\t\t\t<div class=\"elementor-element elementor-element-4441da1 elementor-widget elementor-widget-spacer\" data-id=\"4441da1\" data-element_type=\"widget\" data-e-type=\"widget\" data-widget_type=\"spacer.default\">\n\t\t\t\t<div class=\"elementor-widget-container\">\n\t\t\t\t\t\t\t<div class=\"elementor-spacer\">\n\t\t\t<div class=\"elementor-spacer-inner\"><\/div>\n\t\t<\/div>\n\t\t\t\t\t\t<\/div>\n\t\t\t\t<\/div>\n\t\t\t\t\t<\/div>\n\t\t<\/div>\n\t\t\t\t\t<\/div>\n\t\t<\/section>\n\t\t\t\t<section data-particle_enable=\"false\" data-particle-mobile-disabled=\"false\" class=\"elementor-section elementor-top-section elementor-element elementor-element-666a85b elementor-section-content-bottom elementor-section-boxed elementor-section-height-default elementor-section-height-default\" data-id=\"666a85b\" data-element_type=\"section\" data-e-type=\"section\" data-settings=\"{&quot;background_background&quot;:&quot;classic&quot;}\">\n\t\t\t\t\t\t<div class=\"elementor-container elementor-column-gap-default\">\n\t\t\t\t\t<div class=\"elementor-column elementor-col-100 elementor-top-column elementor-element elementor-element-4e71825\" data-id=\"4e71825\" data-element_type=\"column\" data-e-type=\"column\">\n\t\t\t<div class=\"elementor-widget-wrap elementor-element-populated\">\n\t\t\t\t\t\t<div class=\"elementor-element elementor-element-8fcf054 elementor-widget elementor-widget-spacer\" data-id=\"8fcf054\" data-element_type=\"widget\" data-e-type=\"widget\" data-widget_type=\"spacer.default\">\n\t\t\t\t<div class=\"elementor-widget-container\">\n\t\t\t\t\t\t\t<div class=\"elementor-spacer\">\n\t\t\t<div class=\"elementor-spacer-inner\"><\/div>\n\t\t<\/div>\n\t\t\t\t\t\t<\/div>\n\t\t\t\t<\/div>\n\t\t\t\t<div class=\"elementor-element elementor-element-0aa0ab9 elementor-widget elementor-widget-heading\" data-id=\"0aa0ab9\" data-element_type=\"widget\" data-e-type=\"widget\" data-widget_type=\"heading.default\">\n\t\t\t\t<div class=\"elementor-widget-container\">\n\t\t\t\t\t<h2 class=\"elementor-heading-title elementor-size-default\">Galerie<\/h2>\t\t\t\t<\/div>\n\t\t\t\t<\/div>\n\t\t\t\t<div data-dce-title-color=\"#E4A732\" class=\"elementor-element elementor-element-f09cb8e elementor-widget elementor-widget-gallery\" data-id=\"f09cb8e\" data-element_type=\"widget\" data-e-type=\"widget\" data-settings=\"{&quot;columns&quot;:3,&quot;gap&quot;:{&quot;unit&quot;:&quot;px&quot;,&quot;size&quot;:30,&quot;sizes&quot;:[]},&quot;overlay_title&quot;:&quot;caption&quot;,&quot;lazyload&quot;:&quot;yes&quot;,&quot;gallery_layout&quot;:&quot;grid&quot;,&quot;columns_tablet&quot;:2,&quot;columns_mobile&quot;:1,&quot;gap_tablet&quot;:{&quot;unit&quot;:&quot;px&quot;,&quot;size&quot;:10,&quot;sizes&quot;:[]},&quot;gap_mobile&quot;:{&quot;unit&quot;:&quot;px&quot;,&quot;size&quot;:10,&quot;sizes&quot;:[]},&quot;link_to&quot;:&quot;file&quot;,&quot;aspect_ratio&quot;:&quot;3:2&quot;,&quot;overlay_background&quot;:&quot;yes&quot;,&quot;content_hover_animation&quot;:&quot;fade-in&quot;}\" data-widget_type=\"gallery.default\">\n\t\t\t\t<div class=\"elementor-widget-container\">\n\t\t\t\t\t\t\t<div class=\"elementor-gallery__container\">\n\t\t\t\t\t\t\t<a class=\"e-gallery-item elementor-gallery-item elementor-animated-content\" href=\"http:\/\/pruebas.turismomaestrazgo.org\/wp-content\/uploads\/2024\/10\/fuente-la-colada-tronchon.jpg\" data-elementor-open-lightbox=\"yes\" data-elementor-lightbox-slideshow=\"f09cb8e\" data-elementor-lightbox-title=\"la colada tronchon fontaine\" data-e-action-hash=\"#elementor-action%3Aaction%3Dlightbox%26settings%3DeyJpZCI6MzExMTAsInVybCI6Imh0dHA6XC9cL3BydWViYXMudHVyaXNtb21hZXN0cmF6Z28ub3JnXC93cC1jb250ZW50XC91cGxvYWRzXC8yMDI0XC8xMFwvZnVlbnRlLWxhLWNvbGFkYS10cm9uY2hvbi5qcGciLCJzbGlkZXNob3ciOiJmMDljYjhlIn0%3D\">\n\t\t\t\t\t<div class=\"e-gallery-image elementor-gallery-item__image\" data-thumbnail=\"http:\/\/pruebas.turismomaestrazgo.org\/wp-content\/uploads\/2024\/10\/fuente-la-colada-tronchon.jpg\" data-width=\"2000\" data-height=\"1333\" aria-label=\"\" role=\"img\" ><\/div>\n\t\t\t\t\t\t\t\t\t\t\t<div class=\"elementor-gallery-item__overlay\"><\/div>\n\t\t\t\t\t\t\t\t\t\t\t\t\t\t\t<div class=\"elementor-gallery-item__content\">\n\t\t\t\t\t\t\t\t\t\t\t\t\t\t<div class=\"elementor-gallery-item__title\">\n\t\t\t\t\t\t\t\t\t\t\t\t\t\t\t\t\t\tLaverie de Zafarech\t\t\t\t\t\t\t\t<\/div>\n\t\t\t\t\t\t\t\t\t\t\t\t<\/div>\n\t\t\t\t\t\t\t\t\t<\/a>\n\t\t\t\t\t\t\t<a class=\"e-gallery-item elementor-gallery-item elementor-animated-content\" href=\"http:\/\/pruebas.turismomaestrazgo.org\/wp-content\/uploads\/2021\/03\/Camino-de-los-pilones-2-1.jpg\" data-elementor-open-lightbox=\"yes\" data-elementor-lightbox-slideshow=\"f09cb8e\" data-elementor-lightbox-title=\"Camino de los pilones (2)\" data-e-action-hash=\"#elementor-action%3Aaction%3Dlightbox%26settings%3DeyJpZCI6MTQ0MjcsInVybCI6Imh0dHA6XC9cL3BydWViYXMudHVyaXNtb21hZXN0cmF6Z28ub3JnXC93cC1jb250ZW50XC91cGxvYWRzXC8yMDIxXC8wM1wvQ2FtaW5vLWRlLWxvcy1waWxvbmVzLTItMS5qcGciLCJzbGlkZXNob3ciOiJmMDljYjhlIn0%3D\">\n\t\t\t\t\t<div class=\"e-gallery-image elementor-gallery-item__image\" data-thumbnail=\"http:\/\/pruebas.turismomaestrazgo.org\/wp-content\/uploads\/2021\/03\/Camino-de-los-pilones-2-1.jpg\" data-width=\"2000\" data-height=\"1334\" aria-label=\"\" role=\"img\" ><\/div>\n\t\t\t\t\t\t\t\t\t\t\t<div class=\"elementor-gallery-item__overlay\"><\/div>\n\t\t\t\t\t\t\t\t\t\t\t\t\t\t\t<div class=\"elementor-gallery-item__content\">\n\t\t\t\t\t\t\t\t\t\t\t\t\t\t<div class=\"elementor-gallery-item__title\">\n\t\t\t\t\t\t\t\t\t\t\t\t\t\t\t\t\t\tLes piliers des horloges\t\t\t\t\t\t\t\t<\/div>\n\t\t\t\t\t\t\t\t\t\t\t\t<\/div>\n\t\t\t\t\t\t\t\t\t<\/a>\n\t\t\t\t\t\t\t<a class=\"e-gallery-item elementor-gallery-item elementor-animated-content\" href=\"http:\/\/pruebas.turismomaestrazgo.org\/wp-content\/uploads\/2024\/10\/Camino-de-las-Horcas.jpg\" data-elementor-open-lightbox=\"yes\" data-elementor-lightbox-slideshow=\"f09cb8e\" data-elementor-lightbox-title=\"Camino de las Horcas\" data-e-action-hash=\"#elementor-action%3Aaction%3Dlightbox%26settings%3DeyJpZCI6MzA5OTksInVybCI6Imh0dHA6XC9cL3BydWViYXMudHVyaXNtb21hZXN0cmF6Z28ub3JnXC93cC1jb250ZW50XC91cGxvYWRzXC8yMDI0XC8xMFwvQ2FtaW5vLWRlLWxhcy1Ib3JjYXMuanBnIiwic2xpZGVzaG93IjoiZjA5Y2I4ZSJ9\">\n\t\t\t\t\t<div class=\"e-gallery-image elementor-gallery-item__image\" data-thumbnail=\"http:\/\/pruebas.turismomaestrazgo.org\/wp-content\/uploads\/2024\/10\/Camino-de-las-Horcas.jpg\" data-width=\"2000\" data-height=\"1500\" aria-label=\"\" role=\"img\" ><\/div>\n\t\t\t\t\t\t\t\t\t\t\t<div class=\"elementor-gallery-item__overlay\"><\/div>\n\t\t\t\t\t\t\t\t\t\t\t\t\t\t\t<div class=\"elementor-gallery-item__content\">\n\t\t\t\t\t\t\t\t\t\t\t<\/div>\n\t\t\t\t\t\t\t\t\t<\/a>\n\t\t\t\t\t\t\t<a class=\"e-gallery-item elementor-gallery-item elementor-animated-content\" href=\"http:\/\/pruebas.turismomaestrazgo.org\/wp-content\/uploads\/2024\/10\/Aventuras-fidela-y-avelino2.jpg\" data-elementor-open-lightbox=\"yes\" data-elementor-lightbox-slideshow=\"f09cb8e\" data-elementor-lightbox-title=\"Aventures-fidela-et-avelino2\" data-e-action-hash=\"#elementor-action%3Aaction%3Dlightbox%26settings%3DeyJpZCI6MzEwMDUsInVybCI6Imh0dHA6XC9cL3BydWViYXMudHVyaXNtb21hZXN0cmF6Z28ub3JnXC93cC1jb250ZW50XC91cGxvYWRzXC8yMDI0XC8xMFwvQXZlbnR1cmFzLWZpZGVsYS15LWF2ZWxpbm8yLmpwZyIsInNsaWRlc2hvdyI6ImYwOWNiOGUifQ%3D%3D\">\n\t\t\t\t\t<div class=\"e-gallery-image elementor-gallery-item__image\" data-thumbnail=\"http:\/\/pruebas.turismomaestrazgo.org\/wp-content\/uploads\/2024\/10\/Aventuras-fidela-y-avelino2.jpg\" data-width=\"2000\" data-height=\"2035\" aria-label=\"\" role=\"img\" ><\/div>\n\t\t\t\t\t\t\t\t\t\t\t<div class=\"elementor-gallery-item__overlay\"><\/div>\n\t\t\t\t\t\t\t\t\t\t\t\t\t\t\t<div class=\"elementor-gallery-item__content\">\n\t\t\t\t\t\t\t\t\t\t\t<\/div>\n\t\t\t\t\t\t\t\t\t<\/a>\n\t\t\t\t\t\t\t<a class=\"e-gallery-item elementor-gallery-item elementor-animated-content\" href=\"http:\/\/pruebas.turismomaestrazgo.org\/wp-content\/uploads\/2024\/10\/paseoescultorico.jpg\" data-elementor-open-lightbox=\"yes\" data-elementor-lightbox-slideshow=\"f09cb8e\" data-elementor-lightbox-title=\"promenade de la sculpture\" data-e-action-hash=\"#elementor-action%3Aaction%3Dlightbox%26settings%3DeyJpZCI6MzEwMTUsInVybCI6Imh0dHA6XC9cL3BydWViYXMudHVyaXNtb21hZXN0cmF6Z28ub3JnXC93cC1jb250ZW50XC91cGxvYWRzXC8yMDI0XC8xMFwvcGFzZW9lc2N1bHRvcmljby5qcGciLCJzbGlkZXNob3ciOiJmMDljYjhlIn0%3D\">\n\t\t\t\t\t<div class=\"e-gallery-image elementor-gallery-item__image\" data-thumbnail=\"http:\/\/pruebas.turismomaestrazgo.org\/wp-content\/uploads\/2024\/10\/paseoescultorico.jpg\" data-width=\"2000\" data-height=\"1126\" aria-label=\"\" role=\"img\" ><\/div>\n\t\t\t\t\t\t\t\t\t\t\t<div class=\"elementor-gallery-item__overlay\"><\/div>\n\t\t\t\t\t\t\t\t\t\t\t\t\t\t\t<div class=\"elementor-gallery-item__content\">\n\t\t\t\t\t\t\t\t\t\t\t<\/div>\n\t\t\t\t\t\t\t\t\t<\/a>\n\t\t\t\t\t\t\t<a class=\"e-gallery-item elementor-gallery-item elementor-animated-content\" href=\"http:\/\/pruebas.turismomaestrazgo.org\/wp-content\/uploads\/2024\/08\/Salto-de-San-Juan-Cuevas-de-Canart-scaled.jpg\" data-elementor-open-lightbox=\"yes\" data-elementor-lightbox-slideshow=\"f09cb8e\" data-elementor-lightbox-title=\"Salto de San Juan Cuevas de Ca\u00f1art\" data-e-action-hash=\"#elementor-action%3Aaction%3Dlightbox%26settings%3DeyJpZCI6MzA2ODUsInVybCI6Imh0dHA6XC9cL3BydWViYXMudHVyaXNtb21hZXN0cmF6Z28ub3JnXC93cC1jb250ZW50XC91cGxvYWRzXC8yMDI0XC8wOFwvU2FsdG8tZGUtU2FuLUp1YW4tQ3VldmFzLWRlLUNhbmFydC1zY2FsZWQuanBnIiwic2xpZGVzaG93IjoiZjA5Y2I4ZSJ9\">\n\t\t\t\t\t<div class=\"e-gallery-image elementor-gallery-item__image\" data-thumbnail=\"http:\/\/pruebas.turismomaestrazgo.org\/wp-content\/uploads\/2024\/08\/Salto-de-San-Juan-Cuevas-de-Canart-scaled.jpg\" data-width=\"2560\" data-height=\"1707\" aria-label=\"\" role=\"img\" ><\/div>\n\t\t\t\t\t\t\t\t\t\t\t<div class=\"elementor-gallery-item__overlay\"><\/div>\n\t\t\t\t\t\t\t\t\t\t\t\t\t\t\t<div class=\"elementor-gallery-item__content\">\n\t\t\t\t\t\t\t\t\t\t\t<\/div>\n\t\t\t\t\t\t\t\t\t<\/a>\n\t\t\t\t\t<\/div>\n\t\t\t\t\t<\/div>\n\t\t\t\t<\/div>\n\t\t\t\t<div class=\"elementor-element elementor-element-da1db64 elementor-widget elementor-widget-spacer\" data-id=\"da1db64\" data-element_type=\"widget\" data-e-type=\"widget\" data-widget_type=\"spacer.default\">\n\t\t\t\t<div class=\"elementor-widget-container\">\n\t\t\t\t\t\t\t<div class=\"elementor-spacer\">\n\t\t\t<div class=\"elementor-spacer-inner\"><\/div>\n\t\t<\/div>\n\t\t\t\t\t\t<\/div>\n\t\t\t\t<\/div>\n\t\t\t\t\t<\/div>\n\t\t<\/div>\n\t\t\t\t\t<\/div>\n\t\t<\/section>\n\t\t\t\t<\/div>\n\t\t","protected":false},"excerpt":{"rendered":"<p>De Tronch\u00f3n Promenade de la sculpture Plusieurs coins de Tronchon ont pris vie. Visitez-les pour voir les sculptures repr\u00e9sentant des sc\u00e8nes du pass\u00e9. Sur la place de la mairie, vous [&hellip;]<\/p>\n","protected":false},"author":2,"featured_media":0,"parent":0,"menu_order":0,"comment_status":"closed","ping_status":"closed","template":"","meta":{"_acf_changed":false,"_EventAllDay":false,"_EventTimezone":"","_EventStartDate":"","_EventEndDate":"","_EventStartDateUTC":"","_EventEndDateUTC":"","_EventShowMap":false,"_EventShowMapLink":false,"_EventURL":"","_EventCost":"","_EventCostDescription":"","_EventCurrencySymbol":"","_EventCurrencyCode":"","_EventCurrencyPosition":"","_EventDateTimeSeparator":"","_EventTimeRangeSeparator":"","_EventOrganizerID":[],"_EventVenueID":[],"_OrganizerEmail":"","_OrganizerPhone":"","_OrganizerWebsite":"","_VenueAddress":"","_VenueCity":"","_VenueCountry":"","_VenueProvince":"","_VenueState":"","_VenueZip":"","_VenuePhone":"","_VenueURL":"","_VenueStateProvince":"","_VenueLat":"","_VenueLng":"","_VenueShowMap":false,"_VenueShowMapLink":false,"footnotes":""},"class_list":["post-32649","page","type-page","status-publish","hentry"],"acf":[],"_links":{"self":[{"href":"http:\/\/pruebas.turismomaestrazgo.org\/fr\/wp-json\/wp\/v2\/pages\/32649","targetHints":{"allow":["GET"]}}],"collection":[{"href":"http:\/\/pruebas.turismomaestrazgo.org\/fr\/wp-json\/wp\/v2\/pages"}],"about":[{"href":"http:\/\/pruebas.turismomaestrazgo.org\/fr\/wp-json\/wp\/v2\/types\/page"}],"author":[{"embeddable":true,"href":"http:\/\/pruebas.turismomaestrazgo.org\/fr\/wp-json\/wp\/v2\/users\/2"}],"replies":[{"embeddable":true,"href":"http:\/\/pruebas.turismomaestrazgo.org\/fr\/wp-json\/wp\/v2\/comments?post=32649"}],"version-history":[{"count":0,"href":"http:\/\/pruebas.turismomaestrazgo.org\/fr\/wp-json\/wp\/v2\/pages\/32649\/revisions"}],"wp:attachment":[{"href":"http:\/\/pruebas.turismomaestrazgo.org\/fr\/wp-json\/wp\/v2\/media?parent=32649"}],"curies":[{"name":"wp","href":"https:\/\/api.w.org\/{rel}","templated":true}]}}